{"id":168,"date":"2024-10-21T12:40:48","date_gmt":"2024-10-21T09:40:48","guid":{"rendered":"https:\/\/euphoriashowclub.lt\/?page_id=168"},"modified":"2025-12-12T00:41:51","modified_gmt":"2025-12-11T21:41:51","slug":"about-us","status":"publish","type":"page","link":"https:\/\/euphoriashowclub.lt\/en\/about-us\/","title":{"rendered":"About us"},"content":{"rendered":"<div data-elementor-type=\"wp-page\" data-elementor-id=\"168\" class=\"elementor elementor-168\" data-elementor-post-type=\"page\">\n\t\t\t\t<div class=\"elementor-element elementor-element-ce38592 e-flex e-con-boxed e-con e-parent\" data-id=\"ce38592\" data-element_type=\"container\" data-settings=\"{&quot;background_background&quot;:&quot;classic&quot;}\">\n\t\t\t\t\t<div class=\"e-con-inner\">\n\t\t\t\t<div class=\"elementor-element elementor-element-c1dfd1a elementor-widget__width-initial elementor-invisible elementor-widget elementor-widget-heading\" data-id=\"c1dfd1a\" data-element_type=\"widget\" data-settings=\"{&quot;_animation&quot;:&quot;fadeInDown&quot;}\" data-widget_type=\"heading.default\">\n\t\t\t\t<div class=\"elementor-widget-container\">\n\t\t\t\t\t<h1 class=\"elementor-heading-title elementor-size-default\">About Us<\/h1>\t\t\t\t<\/div>\n\t\t\t\t<\/div>\n\t\t<div class=\"elementor-element elementor-element-93a6e78 e-con-full e-flex e-con e-child\" data-id=\"93a6e78\" data-element_type=\"container\">\n\t\t\t\t<div class=\"elementor-element elementor-element-ad3668d elementor-widget__width-initial elementor-invisible elementor-widget elementor-widget-image\" data-id=\"ad3668d\" data-element_type=\"widget\" data-settings=\"{&quot;_animation&quot;:&quot;fadeInLeft&quot;}\" data-widget_type=\"image.default\">\n\t\t\t\t<div class=\"elementor-widget-container\">\n\t\t\t\t\t\t\t\t\t\t\t\t\t\t\t<img fetchpriority=\"high\" decoding=\"async\" width=\"1024\" height=\"922\" src=\"https:\/\/euphoriashowclub.lt\/wp-content\/uploads\/2025\/04\/limo1-1024x922.webp\" class=\"attachment-large size-large wp-image-1276\" alt=\"limo\" srcset=\"https:\/\/euphoriashowclub.lt\/wp-content\/uploads\/2025\/04\/limo1-1024x922.webp 1024w, https:\/\/euphoriashowclub.lt\/wp-content\/uploads\/2025\/04\/limo1-300x270.webp 300w, https:\/\/euphoriashowclub.lt\/wp-content\/uploads\/2025\/04\/limo1-768x691.webp 768w, https:\/\/euphoriashowclub.lt\/wp-content\/uploads\/2025\/04\/limo1-1536x1382.webp 1536w, https:\/\/euphoriashowclub.lt\/wp-content\/uploads\/2025\/04\/limo1-2048x1843.webp 2048w\" sizes=\"(max-width: 1024px) 100vw, 1024px\" \/>\t\t\t\t\t\t\t\t\t\t\t\t\t\t\t<\/div>\n\t\t\t\t<\/div>\n\t\t\t\t<div class=\"elementor-element elementor-element-dacc523 elementor-widget__width-initial elementor-invisible elementor-widget elementor-widget-text-editor\" data-id=\"dacc523\" data-element_type=\"widget\" data-settings=\"{&quot;_animation&quot;:&quot;fadeInRight&quot;}\" data-widget_type=\"text-editor.default\">\n\t\t\t\t<div class=\"elementor-widget-container\">\n\t\t\t\t\t\t\t\t\t<p><strong>Our club offers you the most delicious drinks of the highest quality, professional dancing performances that will excite your passion and give you an unforgettable experience. The VIP areas and Jacuzzi service are designed for your comfort and privacy during every visit. Euphoria Club's professional and friendly team invites you to enjoy unforgettable moments!<\/strong><\/p>\t\t\t\t\t\t\t\t<\/div>\n\t\t\t\t<\/div>\n\t\t\t\t<\/div>\n\t\t\t\t\t<\/div>\n\t\t\t\t<\/div>\n\t\t\t\t<\/div>","protected":false},"excerpt":{"rendered":"<p>Apie Mus M\u016bs\u0173 klubas Jums si\u016blo skaniausius auk\u0161\u010diausios kokyb\u0117s g\u0117rimus, profesionalius \u0161ok\u0117j\u0173 pasirodymus, kurie su\u017eadins aistr\u0105 ir leis patirti nei\u0161dildomus [&hellip;]<\/p>","protected":false},"author":3,"featured_media":1276,"parent":0,"menu_order":0,"comment_status":"closed","ping_status":"closed","template":"","meta":{"site-sidebar-layout":"no-sidebar","site-content-layout":"","ast-site-content-layout":"full-width-container","site-content-style":"default","site-sidebar-style":"default","ast-global-header-display":"","ast-banner-title-visibility":"","ast-main-header-display":"","ast-hfb-above-header-display":"","ast-hfb-below-header-display":"","ast-hfb-mobile-header-display":"","site-post-title":"disabled","ast-breadcrumbs-content":"","ast-featured-img":"disabled","footer-sml-layout":"","theme-transparent-header-meta":"","adv-header-id-meta":"","stick-header-meta":"","header-above-stick-meta":"","header-main-stick-meta":"","header-below-stick-meta":"","astra-migrate-meta-layouts":"default","ast-page-background-enabled":"default","ast-page-background-meta":{"desktop":{"background-color":"var(--ast-global-color-4)","background-image":"","background-repeat":"repeat","background-position":"center center","background-size":"auto","background-attachment":"scroll","background-type":"","background-media":"","overlay-type":"","overlay-color":"","overlay-opacity":"","overlay-gradient":""},"tablet":{"background-color":"","background-image":"","background-repeat":"repeat","background-position":"center center","background-size":"auto","background-attachment":"scroll","background-type":"","background-media":"","overlay-type":"","overlay-color":"","overlay-opacity":"","overlay-gradient":""},"mobile":{"background-color":"","background-image":"","background-repeat":"repeat","background-position":"center center","background-size":"auto","background-attachment":"scroll","background-type":"","background-media":"","overlay-type":"","overlay-color":"","overlay-opacity":"","overlay-gradient":""}},"ast-content-background-meta":{"desktop":{"background-color":"var(--ast-global-color-5)","background-image":"","background-repeat":"repeat","background-position":"center center","background-size":"auto","background-attachment":"scroll","background-type":"","background-media":"","overlay-type":"","overlay-color":"","overlay-opacity":"","overlay-gradient":""},"tablet":{"background-color":"var(--ast-global-color-5)","background-image":"","background-repeat":"repeat","background-position":"center center","background-size":"auto","background-attachment":"scroll","background-type":"","background-media":"","overlay-type":"","overlay-color":"","overlay-opacity":"","overlay-gradient":""},"mobile":{"background-color":"var(--ast-global-color-5)","background-image":"","background-repeat":"repeat","background-position":"center center","background-size":"auto","background-attachment":"scroll","background-type":"","background-media":"","overlay-type":"","overlay-color":"","overlay-opacity":"","overlay-gradient":""}},"footnotes":""},"class_list":["post-168","page","type-page","status-publish","has-post-thumbnail","hentry"],"yoast_head":"<!-- This site is optimized with the Yoast SEO plugin v27.3 - https:\/\/yoast.com\/product\/yoast-seo-wordpress\/ -->\n<title>Kas mes esame - Euphoria Show Club<\/title>\n<meta name=\"description\" content=\"Su\u017einok, kuo gyvena Euphoria Show Club \u2013 aistros ir komforto erdv\u0117 tiems, kurie ie\u0161ko daugiau nei naktinio gyvenimo.\" \/>\n<meta name=\"robots\" content=\"index, follow, max-snippet:-1, max-image-preview:large, max-video-preview:-1\" \/>\n<link rel=\"canonical\" href=\"https:\/\/euphoriashowclub.lt\/en\/about-us\/\" \/>\n<meta property=\"og:locale\" content=\"en_US\" \/>\n<meta property=\"og:type\" content=\"article\" \/>\n<meta property=\"og:title\" content=\"Kas mes esame - Euphoria Show Club\" \/>\n<meta property=\"og:description\" content=\"Su\u017einok, kuo gyvena Euphoria Show Club \u2013 aistros ir komforto erdv\u0117 tiems, kurie ie\u0161ko daugiau nei naktinio gyvenimo.\" \/>\n<meta property=\"og:url\" content=\"https:\/\/euphoriashowclub.lt\/en\/about-us\/\" \/>\n<meta property=\"og:site_name\" content=\"Euphoria Show Club\" \/>\n<meta property=\"article:modified_time\" content=\"2025-12-11T21:41:51+00:00\" \/>\n<meta property=\"og:image\" content=\"https:\/\/euphoriashowclub.lt\/wp-content\/uploads\/2025\/04\/limo1.webp\" \/>\n\t<meta property=\"og:image:width\" content=\"2560\" \/>\n\t<meta property=\"og:image:height\" content=\"2304\" \/>\n\t<meta property=\"og:image:type\" content=\"image\/webp\" \/>\n<meta name=\"twitter:card\" content=\"summary_large_image\" \/>\n<meta name=\"twitter:label1\" content=\"Est. reading time\" \/>\n\t<meta name=\"twitter:data1\" content=\"1 minute\" \/>\n<script type=\"application\/ld+json\" class=\"yoast-schema-graph\">{\"@context\":\"https:\\\/\\\/schema.org\",\"@graph\":[{\"@type\":\"WebPage\",\"@id\":\"https:\\\/\\\/euphoriashowclub.lt\\\/apie-mus\\\/\",\"url\":\"https:\\\/\\\/euphoriashowclub.lt\\\/apie-mus\\\/\",\"name\":\"Kas mes esame - Euphoria Show Club\",\"isPartOf\":{\"@id\":\"https:\\\/\\\/orange-whale-556725.hostingersite.com\\\/ru\\\/#website\"},\"primaryImageOfPage\":{\"@id\":\"https:\\\/\\\/euphoriashowclub.lt\\\/apie-mus\\\/#primaryimage\"},\"image\":{\"@id\":\"https:\\\/\\\/euphoriashowclub.lt\\\/apie-mus\\\/#primaryimage\"},\"thumbnailUrl\":\"https:\\\/\\\/euphoriashowclub.lt\\\/wp-content\\\/uploads\\\/2025\\\/04\\\/limo1.webp\",\"datePublished\":\"2024-10-21T09:40:48+00:00\",\"dateModified\":\"2025-12-11T21:41:51+00:00\",\"description\":\"Su\u017einok, kuo gyvena Euphoria Show Club \u2013 aistros ir komforto erdv\u0117 tiems, kurie ie\u0161ko daugiau nei naktinio gyvenimo.\",\"breadcrumb\":{\"@id\":\"https:\\\/\\\/euphoriashowclub.lt\\\/apie-mus\\\/#breadcrumb\"},\"inLanguage\":\"en-US\",\"potentialAction\":[{\"@type\":\"ReadAction\",\"target\":[\"https:\\\/\\\/euphoriashowclub.lt\\\/apie-mus\\\/\"]}]},{\"@type\":\"ImageObject\",\"inLanguage\":\"en-US\",\"@id\":\"https:\\\/\\\/euphoriashowclub.lt\\\/apie-mus\\\/#primaryimage\",\"url\":\"https:\\\/\\\/euphoriashowclub.lt\\\/wp-content\\\/uploads\\\/2025\\\/04\\\/limo1.webp\",\"contentUrl\":\"https:\\\/\\\/euphoriashowclub.lt\\\/wp-content\\\/uploads\\\/2025\\\/04\\\/limo1.webp\",\"width\":2560,\"height\":2304,\"caption\":\"limo\"},{\"@type\":\"BreadcrumbList\",\"@id\":\"https:\\\/\\\/euphoriashowclub.lt\\\/apie-mus\\\/#breadcrumb\",\"itemListElement\":[{\"@type\":\"ListItem\",\"position\":1,\"name\":\"Home\",\"item\":\"https:\\\/\\\/euphoriashowclub.lt\\\/\"},{\"@type\":\"ListItem\",\"position\":2,\"name\":\"Apie mus\"}]},{\"@type\":\"WebSite\",\"@id\":\"https:\\\/\\\/orange-whale-556725.hostingersite.com\\\/ru\\\/#website\",\"url\":\"https:\\\/\\\/orange-whale-556725.hostingersite.com\\\/ru\\\/\",\"name\":\"Euphoria Show Club\",\"description\":\"\",\"publisher\":{\"@id\":\"https:\\\/\\\/orange-whale-556725.hostingersite.com\\\/ru\\\/#organization\"},\"potentialAction\":[{\"@type\":\"SearchAction\",\"target\":{\"@type\":\"EntryPoint\",\"urlTemplate\":\"https:\\\/\\\/orange-whale-556725.hostingersite.com\\\/ru\\\/?s={search_term_string}\"},\"query-input\":{\"@type\":\"PropertyValueSpecification\",\"valueRequired\":true,\"valueName\":\"search_term_string\"}}],\"inLanguage\":\"en-US\"},{\"@type\":\"Organization\",\"@id\":\"https:\\\/\\\/orange-whale-556725.hostingersite.com\\\/ru\\\/#organization\",\"name\":\"Euphoria Show Club\",\"url\":\"https:\\\/\\\/orange-whale-556725.hostingersite.com\\\/ru\\\/\",\"logo\":{\"@type\":\"ImageObject\",\"inLanguage\":\"en-US\",\"@id\":\"https:\\\/\\\/orange-whale-556725.hostingersite.com\\\/ru\\\/#\\\/schema\\\/logo\\\/image\\\/\",\"url\":\"https:\\\/\\\/euphoriashowclub.lt\\\/wp-content\\\/uploads\\\/2026\\\/04\\\/Euphoria-Logo-Gold-e1776158201446.webp\",\"contentUrl\":\"https:\\\/\\\/euphoriashowclub.lt\\\/wp-content\\\/uploads\\\/2026\\\/04\\\/Euphoria-Logo-Gold-e1776158201446.webp\",\"width\":1377,\"height\":590,\"caption\":\"Euphoria Show Club\"},\"image\":{\"@id\":\"https:\\\/\\\/orange-whale-556725.hostingersite.com\\\/ru\\\/#\\\/schema\\\/logo\\\/image\\\/\"}}]}<\/script>\n<!-- \/ Yoast SEO plugin. -->","yoast_head_json":{"title":"Kas mes esame - Euphoria Show Club","description":"Su\u017einok, kuo gyvena Euphoria Show Club \u2013 aistros ir komforto erdv\u0117 tiems, kurie ie\u0161ko daugiau nei naktinio gyvenimo.","robots":{"index":"index","follow":"follow","max-snippet":"max-snippet:-1","max-image-preview":"max-image-preview:large","max-video-preview":"max-video-preview:-1"},"canonical":"https:\/\/euphoriashowclub.lt\/en\/about-us\/","og_locale":"en_US","og_type":"article","og_title":"Kas mes esame - Euphoria Show Club","og_description":"Su\u017einok, kuo gyvena Euphoria Show Club \u2013 aistros ir komforto erdv\u0117 tiems, kurie ie\u0161ko daugiau nei naktinio gyvenimo.","og_url":"https:\/\/euphoriashowclub.lt\/en\/about-us\/","og_site_name":"Euphoria Show Club","article_modified_time":"2025-12-11T21:41:51+00:00","og_image":[{"width":2560,"height":2304,"url":"https:\/\/euphoriashowclub.lt\/wp-content\/uploads\/2025\/04\/limo1.webp","type":"image\/webp"}],"twitter_card":"summary_large_image","twitter_misc":{"Est. reading time":"1 minute"},"schema":{"@context":"https:\/\/schema.org","@graph":[{"@type":"WebPage","@id":"https:\/\/euphoriashowclub.lt\/apie-mus\/","url":"https:\/\/euphoriashowclub.lt\/apie-mus\/","name":"Kas mes esame - Euphoria Show Club","isPartOf":{"@id":"https:\/\/orange-whale-556725.hostingersite.com\/ru\/#website"},"primaryImageOfPage":{"@id":"https:\/\/euphoriashowclub.lt\/apie-mus\/#primaryimage"},"image":{"@id":"https:\/\/euphoriashowclub.lt\/apie-mus\/#primaryimage"},"thumbnailUrl":"https:\/\/euphoriashowclub.lt\/wp-content\/uploads\/2025\/04\/limo1.webp","datePublished":"2024-10-21T09:40:48+00:00","dateModified":"2025-12-11T21:41:51+00:00","description":"Su\u017einok, kuo gyvena Euphoria Show Club \u2013 aistros ir komforto erdv\u0117 tiems, kurie ie\u0161ko daugiau nei naktinio gyvenimo.","breadcrumb":{"@id":"https:\/\/euphoriashowclub.lt\/apie-mus\/#breadcrumb"},"inLanguage":"en-US","potentialAction":[{"@type":"ReadAction","target":["https:\/\/euphoriashowclub.lt\/apie-mus\/"]}]},{"@type":"ImageObject","inLanguage":"en-US","@id":"https:\/\/euphoriashowclub.lt\/apie-mus\/#primaryimage","url":"https:\/\/euphoriashowclub.lt\/wp-content\/uploads\/2025\/04\/limo1.webp","contentUrl":"https:\/\/euphoriashowclub.lt\/wp-content\/uploads\/2025\/04\/limo1.webp","width":2560,"height":2304,"caption":"limo"},{"@type":"BreadcrumbList","@id":"https:\/\/euphoriashowclub.lt\/apie-mus\/#breadcrumb","itemListElement":[{"@type":"ListItem","position":1,"name":"Home","item":"https:\/\/euphoriashowclub.lt\/"},{"@type":"ListItem","position":2,"name":"Apie mus"}]},{"@type":"WebSite","@id":"https:\/\/orange-whale-556725.hostingersite.com\/ru\/#website","url":"https:\/\/orange-whale-556725.hostingersite.com\/ru\/","name":"Euphoria Show Club","description":"","publisher":{"@id":"https:\/\/orange-whale-556725.hostingersite.com\/ru\/#organization"},"potentialAction":[{"@type":"SearchAction","target":{"@type":"EntryPoint","urlTemplate":"https:\/\/orange-whale-556725.hostingersite.com\/ru\/?s={search_term_string}"},"query-input":{"@type":"PropertyValueSpecification","valueRequired":true,"valueName":"search_term_string"}}],"inLanguage":"en-US"},{"@type":"Organization","@id":"https:\/\/orange-whale-556725.hostingersite.com\/ru\/#organization","name":"Euphoria Show Club","url":"https:\/\/orange-whale-556725.hostingersite.com\/ru\/","logo":{"@type":"ImageObject","inLanguage":"en-US","@id":"https:\/\/orange-whale-556725.hostingersite.com\/ru\/#\/schema\/logo\/image\/","url":"https:\/\/euphoriashowclub.lt\/wp-content\/uploads\/2026\/04\/Euphoria-Logo-Gold-e1776158201446.webp","contentUrl":"https:\/\/euphoriashowclub.lt\/wp-content\/uploads\/2026\/04\/Euphoria-Logo-Gold-e1776158201446.webp","width":1377,"height":590,"caption":"Euphoria Show Club"},"image":{"@id":"https:\/\/orange-whale-556725.hostingersite.com\/ru\/#\/schema\/logo\/image\/"}}]}},"_links":{"self":[{"href":"https:\/\/euphoriashowclub.lt\/en\/wp-json\/wp\/v2\/pages\/168","targetHints":{"allow":["GET"]}}],"collection":[{"href":"https:\/\/euphoriashowclub.lt\/en\/wp-json\/wp\/v2\/pages"}],"about":[{"href":"https:\/\/euphoriashowclub.lt\/en\/wp-json\/wp\/v2\/types\/page"}],"author":[{"embeddable":true,"href":"https:\/\/euphoriashowclub.lt\/en\/wp-json\/wp\/v2\/users\/3"}],"replies":[{"embeddable":true,"href":"https:\/\/euphoriashowclub.lt\/en\/wp-json\/wp\/v2\/comments?post=168"}],"version-history":[{"count":109,"href":"https:\/\/euphoriashowclub.lt\/en\/wp-json\/wp\/v2\/pages\/168\/revisions"}],"predecessor-version":[{"id":1642,"href":"https:\/\/euphoriashowclub.lt\/en\/wp-json\/wp\/v2\/pages\/168\/revisions\/1642"}],"wp:featuredmedia":[{"embeddable":true,"href":"https:\/\/euphoriashowclub.lt\/en\/wp-json\/wp\/v2\/media\/1276"}],"wp:attachment":[{"href":"https:\/\/euphoriashowclub.lt\/en\/wp-json\/wp\/v2\/media?parent=168"}],"curies":[{"name":"wp","href":"https:\/\/api.w.org\/{rel}","templated":true}]}}